{"id":144779,"date":"2025-02-06T11:16:58","date_gmt":"2025-02-06T10:16:58","guid":{"rendered":"https:\/\/instacrepi.be\/spray-liege\/"},"modified":"2025-05-27T15:03:37","modified_gmt":"2025-05-27T13:03:37","slug":"spray-liege","status":"publish","type":"page","link":"https:\/\/instacrepi.be\/fr\/revetement-de-facade\/spray-liege\/","title":{"rendered":"Fa\u00e7ade en li\u00e8ge pulv\u00e9ris\u00e9"},"content":{"rendered":"<div class=\"wpb-content-wrapper\"><p>[vc_row row_height_percent=\u00a0\u00bb0&Prime; override_padding=\u00a0\u00bbyes\u00a0\u00bb h_padding=\u00a0\u00bb2&Prime; top_padding=\u00a0\u00bb3&Prime; bottom_padding=\u00a0\u00bb3&Prime; overlay_alpha=\u00a0\u00bb50&Prime; gutter_size=\u00a0\u00bb4&Prime; column_width_percent=\u00a0\u00bb100&Prime; shift_y=\u00a0\u00bb0&Prime; z_index=\u00a0\u00bb0&Prime; inverted_device_order=\u00a0\u00bbyes\u00a0\u00bb content_parallax=\u00a0\u00bb0&Prime; uncode_shortcode_id=\u00a0\u00bb163537&Prime;][vc_column column_width_percent=\u00a0\u00bb100&Prime; gutter_size=\u00a0\u00bb3&Prime; overlay_alpha=\u00a0\u00bb50&Prime; shift_x=\u00a0\u00bb0&Prime; shift_y=\u00a0\u00bb0&Prime; shift_y_down=\u00a0\u00bb0&Prime; z_index=\u00a0\u00bb0&Prime; medium_width=\u00a0\u00bb0&Prime; mobile_width=\u00a0\u00bb0&Prime; width=\u00a0\u00bb1\/2&Prime; el_class=\u00a0\u00bbdropShadow\u00a0\u00bb uncode_shortcode_id=\u00a0\u00bb703876&Prime;][vc_single_image media=\u00a0\u00bb143856&Prime; dynamic=\u00a0\u00bbyes\u00a0\u00bb media_width_percent=\u00a0\u00bb100&Prime; media_ratio=\u00a0\u00bbone-one\u00a0\u00bb shape=\u00a0\u00bbimg-round\u00a0\u00bb radius=\u00a0\u00bbstd\u00a0\u00bb uncode_shortcode_id=\u00a0\u00bb709356&Prime;][\/vc_column][vc_column column_width_percent=\u00a0\u00bb100&Prime; position_horizontal=\u00a0\u00bbleft\u00a0\u00bb position_vertical=\u00a0\u00bbmiddle\u00a0\u00bb gutter_size=\u00a0\u00bb2&Prime; overlay_alpha=\u00a0\u00bb50&Prime; shift_x=\u00a0\u00bb0&Prime; shift_y=\u00a0\u00bb0&Prime; shift_y_down=\u00a0\u00bb0&Prime; z_index=\u00a0\u00bb0&Prime; medium_width=\u00a0\u00bb0&Prime; mobile_width=\u00a0\u00bb0&Prime; width=\u00a0\u00bb1\/2&Prime; uncode_shortcode_id=\u00a0\u00bb207038&Prime;][vc_custom_heading heading_semantic=\u00a0\u00bbh1&Prime; text_size=\u00a0\u00bbh1&Prime; text_weight=\u00a0\u00bb400&Prime; color_blend=\u00a0\u00bbmultiply\u00a0\u00bb sub_lead=\u00a0\u00bbyes\u00a0\u00bb sub_reduced=\u00a0\u00bbyes\u00a0\u00bb uncode_shortcode_id=\u00a0\u00bb153027&Prime;]<strong>Li\u00e8ge projet\u00e9 pour fa\u00e7ade :<\/strong> naturel, durable et imperm\u00e9able[\/vc_custom_heading][vc_column_text uncode_shortcode_id=\u00a0\u00bb944167&Prime;]\u00c0 la recherche d&rsquo;une <strong>finition de fa\u00e7ade durable<\/strong> ? Alors une <strong>fa\u00e7ade en li\u00e8ge projet\u00e9<\/strong> constitue un choix judicieux. Le li\u00e8ge projet\u00e9 est un mat\u00e9riau \u00e9cologique appliqu\u00e9 au pistolet. Il forme une couche flexible, respirante et imperm\u00e9able qui prot\u00e8ge votre fa\u00e7ade contre les intemp\u00e9ries.[\/vc_column_text][vc_button border_animation=\u00a0\u00bbbtn-ripple-out\u00a0\u00bb hover_fx=\u00a0\u00bboutlined\u00a0\u00bb outline=\u00a0\u00bbyes\u00a0\u00bb border_width=\u00a0\u00bb0&Prime; scale_mobile=\u00a0\u00bbno\u00a0\u00bb uncode_shortcode_id=\u00a0\u00bb160016&Prime; el_class=\u00a0\u00bbbutton-color-black\u00a0\u00bb link=\u00a0\u00bburl:https%3A%2F%2Finstacrepi.be%2Ffr%2Fcontact%2F|title:Contact|\u00a0\u00bb]Demander une visite gratuite du site[\/vc_button][\/vc_column][\/vc_row][vc_row row_height_percent=\u00a0\u00bb0&Prime; override_padding=\u00a0\u00bbyes\u00a0\u00bb h_padding=\u00a0\u00bb2&Prime; top_padding=\u00a0\u00bb3&Prime; bottom_padding=\u00a0\u00bb5&Prime; overlay_alpha=\u00a0\u00bb50&Prime; gutter_size=\u00a0\u00bb4&Prime; column_width_percent=\u00a0\u00bb100&Prime; shift_y=\u00a0\u00bb0&Prime; z_index=\u00a0\u00bb0&Prime; content_parallax=\u00a0\u00bb0&Prime; uncode_shortcode_id=\u00a0\u00bb453876&Prime;][vc_column column_width_percent=\u00a0\u00bb100&Prime; position_horizontal=\u00a0\u00bbleft\u00a0\u00bb position_vertical=\u00a0\u00bbmiddle\u00a0\u00bb gutter_size=\u00a0\u00bb2&Prime; overlay_alpha=\u00a0\u00bb50&Prime; shift_x=\u00a0\u00bb0&Prime; shift_y=\u00a0\u00bb0&Prime; shift_y_down=\u00a0\u00bb0&Prime; z_index=\u00a0\u00bb0&Prime; medium_width=\u00a0\u00bb0&Prime; mobile_width=\u00a0\u00bb0&Prime; width=\u00a0\u00bb1\/2&Prime; uncode_shortcode_id=\u00a0\u00bb137720&Prime;][vc_custom_heading text_weight=\u00a0\u00bb400&Prime; color_blend=\u00a0\u00bbmultiply\u00a0\u00bb sub_lead=\u00a0\u00bbyes\u00a0\u00bb sub_reduced=\u00a0\u00bbyes\u00a0\u00bb uncode_shortcode_id=\u00a0\u00bb488914&Prime;]Pourquoi opter pour du <strong>li\u00e8ge projet\u00e9 sur votre fa\u00e7ade<\/strong> ?[\/vc_custom_heading][uncode_list icon=\u00a0\u00bbfa fa-check2&Prime; uncode_shortcode_id=\u00a0\u00bb329088&Prime; icon_color_type=\u00a0\u00bbuncode-solid\u00a0\u00bb icon_color_solid=\u00a0\u00bb#008833&Prime;]<\/p>\n<ul>\n<li><strong>Isolation excellente<\/strong> contre le froid et la chaleur<\/li>\n<li><strong>Imperm\u00e9able<\/strong>, tout en restant respirant<\/li>\n<li><strong>Adh\u00e8re \u00e0 presque tous les supports<\/strong> : brique, b\u00e9ton, bois ou plastique<\/li>\n<li><strong>Inalt\u00e9rable<\/strong>, ne se fissure pas et n\u00e9cessite peu d&rsquo;entretien<\/li>\n<li><strong>Att\u00e9nuation du bruit<\/strong> et des chocs<\/li>\n<\/ul>\n<p>[\/uncode_list][vc_column_text uncode_shortcode_id=\u00a0\u00bb111049&Prime;]Une <strong>fa\u00e7ade en li\u00e8ge projet\u00e9<\/strong> n&rsquo;est pas seulement \u00e9l\u00e9gante, elle contribue \u00e9galement au confort de votre habitation. Vous combinez l&rsquo;aspect naturel du li\u00e8ge avec une protection moderne.[\/vc_column_text][vc_button border_animation=\u00a0\u00bbbtn-ripple-out\u00a0\u00bb hover_fx=\u00a0\u00bboutlined\u00a0\u00bb outline=\u00a0\u00bbyes\u00a0\u00bb border_width=\u00a0\u00bb0&Prime; scale_mobile=\u00a0\u00bbno\u00a0\u00bb uncode_shortcode_id=\u00a0\u00bb110353&Prime; el_class=\u00a0\u00bbbutton-color-black\u00a0\u00bb link=\u00a0\u00bburl:https%3A%2F%2Finstacrepi.be%2Ffr%2Fcontact%2F|title:Contact|\u00a0\u00bb]Contactez-nous[\/vc_button][\/vc_column][vc_column column_width_percent=\u00a0\u00bb100&Prime; gutter_size=\u00a0\u00bb3&Prime; overlay_alpha=\u00a0\u00bb50&Prime; shift_x=\u00a0\u00bb0&Prime; shift_y=\u00a0\u00bb0&Prime; shift_y_down=\u00a0\u00bb0&Prime; z_index=\u00a0\u00bb0&Prime; medium_width=\u00a0\u00bb0&Prime; mobile_width=\u00a0\u00bb0&Prime; width=\u00a0\u00bb1\/2&Prime; el_class=\u00a0\u00bbdropShadow\u00a0\u00bb uncode_shortcode_id=\u00a0\u00bb703876&Prime;][vc_single_image media=\u00a0\u00bb144401&Prime; media_width_percent=\u00a0\u00bb100&Prime; media_ratio=\u00a0\u00bbone-one\u00a0\u00bb shape=\u00a0\u00bbimg-round\u00a0\u00bb radius=\u00a0\u00bbstd\u00a0\u00bb uncode_shortcode_id=\u00a0\u00bb114818&Prime;][\/vc_column][\/vc_row][vc_row row_height_percent=\u00a0\u00bb0&Prime; override_padding=\u00a0\u00bbyes\u00a0\u00bb h_padding=\u00a0\u00bb2&Prime; top_padding=\u00a0\u00bb3&Prime; bottom_padding=\u00a0\u00bb4&Prime; overlay_alpha=\u00a0\u00bb50&Prime; gutter_size=\u00a0\u00bb3&Prime; column_width_percent=\u00a0\u00bb100&Prime; shift_y=\u00a0\u00bb0&Prime; z_index=\u00a0\u00bb0&Prime; content_parallax=\u00a0\u00bb0&Prime; uncode_shortcode_id=\u00a0\u00bb108218&Prime;][vc_column column_width_percent=\u00a0\u00bb100&Prime; align_horizontal=\u00a0\u00bbalign_center\u00a0\u00bb gutter_size=\u00a0\u00bb4&Prime; overlay_alpha=\u00a0\u00bb50&Prime; shift_x=\u00a0\u00bb0&Prime; shift_y=\u00a0\u00bb0&Prime; shift_y_down=\u00a0\u00bb0&Prime; z_index=\u00a0\u00bb0&Prime; medium_width=\u00a0\u00bb0&Prime; mobile_width=\u00a0\u00bb0&Prime; width=\u00a0\u00bb1\/1&Prime;][vc_row_inner row_inner_height_percent=\u00a0\u00bb0&Prime; overlay_alpha=\u00a0\u00bb50&Prime; gutter_size=\u00a0\u00bb3&Prime; shift_y=\u00a0\u00bb0&Prime; z_index=\u00a0\u00bb0&Prime; limit_content=\u00a0\u00bb\u00a0\u00bb uncode_shortcode_id=\u00a0\u00bb773784&Prime;][vc_column_inner column_width_percent=\u00a0\u00bb100&Prime; position_horizontal=\u00a0\u00bbleft\u00a0\u00bb gutter_size=\u00a0\u00bb2&Prime; style=\u00a0\u00bblight\u00a0\u00bb overlay_alpha=\u00a0\u00bb50&Prime; shift_x=\u00a0\u00bb0&Prime; shift_y=\u00a0\u00bb0&Prime; shift_y_down=\u00a0\u00bb0&Prime; z_index=\u00a0\u00bb0&Prime; medium_width=\u00a0\u00bb0&Prime; mobile_width=\u00a0\u00bb0&Prime; width=\u00a0\u00bb1\/1&Prime; uncode_shortcode_id=\u00a0\u00bb690565&Prime;][vc_custom_heading text_color=\u00a0\u00bbcolor-jevc\u00a0\u00bb heading_semantic=\u00a0\u00bbh6&Prime; text_size=\u00a0\u00bb\u00a0\u00bb text_weight=\u00a0\u00bb400&Prime; text_transform=\u00a0\u00bbuppercase\u00a0\u00bb uncode_shortcode_id=\u00a0\u00bb130844&Prime; text_color_type=\u00a0\u00bbuncode-palette\u00a0\u00bb]Nuances de li\u00e8ge projet\u00e9[\/vc_custom_heading][vc_custom_heading heading_semantic=\u00a0\u00bbh3&Prime; text_size=\u00a0\u00bbfontsize-130375&Prime; text_weight=\u00a0\u00bb400&Prime; uncode_shortcode_id=\u00a0\u00bb937328&Prime;]\u00cates-vous curieux de conna\u00eetre toutes les <strong>nuances de li\u00e8ge projet\u00e9<\/strong> possibles ?[\/vc_custom_heading][vc_column_text text_lead=\u00a0\u00bbyes\u00a0\u00bb uncode_shortcode_id=\u00a0\u00bb166420&Prime;]Demandez votre nuancier et d\u00e9couvrez comment l&rsquo;enduit projet\u00e9 en li\u00e8ge peut transformer votre fa\u00e7ade.[\/vc_column_text][uncode_list larger=\u00a0\u00bbsmall\u00a0\u00bb icon=\u00a0\u00bbfa fa-check2&Prime; uncode_shortcode_id=\u00a0\u00bb537927&Prime; icon_color_type=\u00a0\u00bbuncode-solid\u00a0\u00bb icon_color_solid=\u00a0\u00bb#008833&Prime;]<\/p>\n<ul>\n<li><strong data-start=\"120\" data-end=\"153\">Pourquoi opter pour le li\u00e8ge projet\u00e9 ?<\/strong> D\u00e9couvrez les avantages de ce rev\u00eatement de fa\u00e7ade.<\/li>\n<li><strong>Isolant et respirant<\/strong> : le li\u00e8ge projet\u00e9 prot\u00e8ge votre fa\u00e7ade tout en lui permettant de respirer.<\/li>\n<li><strong>Couleurs de li\u00e8ge projet\u00e9 populaires en Belgique :<\/strong> tendances et teintes fr\u00e9quemment choisies ayant fait leurs preuves.<\/li>\n<li><strong data-start=\"302\" data-end=\"340\">Aspect naturel, technique moderne<\/strong> : parfait tant pour la r\u00e9novation que pour les nouvelles constructions.<\/li>\n<\/ul>\n<p>[\/uncode_list][vc_empty_space empty_h=\u00a0\u00bb2&Prime;][vc_button border_animation=\u00a0\u00bbbtn-ripple-out\u00a0\u00bb hover_fx=\u00a0\u00bboutlined\u00a0\u00bb outline=\u00a0\u00bbyes\u00a0\u00bb border_width=\u00a0\u00bb0&Prime; scale_mobile=\u00a0\u00bbno\u00a0\u00bb uncode_shortcode_id=\u00a0\u00bb114954&Prime; el_class=\u00a0\u00bbbutton-color-black\u00a0\u00bb link=\u00a0\u00bburl:https%3A%2F%2Finstacrepi.be%2Ffr%2Fcontact%2F|title:Contact|\u00a0\u00bb]Contactez-nous[\/vc_button][\/vc_column_inner][\/vc_row_inner][vc_row_inner limit_content=\u00a0\u00bb\u00a0\u00bb][vc_column_inner width=\u00a0\u00bb1\/1&Prime;][vc_gallery el_id=\u00a0\u00bbgallery-45678&Prime; type=\u00a0\u00bblinear\u00a0\u00bb medias=\u00a0\u00bb157572,157566,157560,157554,157563,157569,157557,157551,157548&Prime; gutter_size=\u00a0\u00bb3&Prime; linear_width=\u00a0\u00bb240px\u00a0\u00bb linear_speed=\u00a0\u00bb0&Prime; draggable=\u00a0\u00bbyes\u00a0\u00bb media_items=\u00a0\u00bbmedia|nolink|original\u00a0\u00bb single_text=\u00a0\u00bbunder\u00a0\u00bb css_grid_images_size=\u00a0\u00bbone-one\u00a0\u00bb single_style=\u00a0\u00bbdark\u00a0\u00bb single_shape=\u00a0\u00bbround\u00a0\u00bb radius=\u00a0\u00bbstd\u00a0\u00bb single_overlay_opacity=\u00a0\u00bb50&Prime; single_overlay_anim=\u00a0\u00bbno\u00a0\u00bb single_text_anim=\u00a0\u00bbno\u00a0\u00bb single_padding=\u00a0\u00bb1&Prime; single_border=\u00a0\u00bbyes\u00a0\u00bb lbox_no_tmb=\u00a0\u00bbyes\u00a0\u00bb custom_cursor=\u00a0\u00bbblur\u00a0\u00bb uncode_shortcode_id=\u00a0\u00bb109472&Prime;][\/vc_column_inner][\/vc_row_inner][\/vc_column][\/vc_row][vc_row row_height_percent=\u00a0\u00bb50&Prime; override_padding=\u00a0\u00bbyes\u00a0\u00bb h_padding=\u00a0\u00bb2&Prime; top_padding=\u00a0\u00bb5&Prime; bottom_padding=\u00a0\u00bb5&Prime; back_color=\u00a0\u00bbcolor-gyho\u00a0\u00bb back_image=\u00a0\u00bb143868&Prime; back_repeat=\u00a0\u00bbno-repeat\u00a0\u00bb back_attachment=\u00a0\u00bbfixed\u00a0\u00bb back_position=\u00a0\u00bbcenter center\u00a0\u00bb overlay_color=\u00a0\u00bbcolor-jevc\u00a0\u00bb overlay_alpha=\u00a0\u00bb68&Prime; gutter_size=\u00a0\u00bb3&Prime; column_width_percent=\u00a0\u00bb100&Prime; shift_y=\u00a0\u00bb0&Prime; z_index=\u00a0\u00bb0&Prime; content_parallax=\u00a0\u00bb0&Prime; uncode_shortcode_id=\u00a0\u00bb181620&Prime; back_color_type=\u00a0\u00bbuncode-palette\u00a0\u00bb overlay_color_type=\u00a0\u00bbuncode-palette\u00a0\u00bb back_size=\u00a0\u00bbcover\u00a0\u00bb][vc_column column_width_use_pixel=\u00a0\u00bbyes\u00a0\u00bb position_vertical=\u00a0\u00bbmiddle\u00a0\u00bb align_horizontal=\u00a0\u00bbalign_center\u00a0\u00bb gutter_size=\u00a0\u00bb2&Prime; style=\u00a0\u00bbdark\u00a0\u00bb overlay_alpha=\u00a0\u00bb50&Prime; shift_x=\u00a0\u00bb0&Prime; shift_y=\u00a0\u00bb0&Prime; shift_y_down=\u00a0\u00bb0&Prime; z_index=\u00a0\u00bb0&Prime; medium_width=\u00a0\u00bb0&Prime; mobile_width=\u00a0\u00bb0&Prime; width=\u00a0\u00bb1\/1&Prime; column_width_pixel=\u00a0\u00bb1000&Prime; uncode_shortcode_id=\u00a0\u00bb221945&Prime;][vc_custom_heading heading_semantic=\u00a0\u00bbh3&Prime; text_weight=\u00a0\u00bb400&Prime; text_height=\u00a0\u00bbfontheight-160067&Prime; uncode_shortcode_id=\u00a0\u00bb129304&Prime;]<b>Li\u00e8ge projet\u00e9 avec isolation de fa\u00e7ade ?<\/b><br \/>Une combinaison judicieuse.[\/vc_custom_heading][vc_column_text uncode_shortcode_id=\u00a0\u00bb421440&Prime;]\u00c0 la recherche d&rsquo;une solution globale intelligente pour votre fa\u00e7ade ? Le <strong>li\u00e8ge projet\u00e9 avec isolation de fa\u00e7ade<\/strong> combine le meilleur des deux mondes : une habitation parfaitement isol\u00e9e et une finition moderne et naturelle.[\/vc_column_text][vc_empty_space empty_h=\u00a0\u00bb2&Prime;][vc_button button_color=\u00a0\u00bbcolor-210407&Prime; border_animation=\u00a0\u00bbbtn-ripple-out\u00a0\u00bb hover_fx=\u00a0\u00bboutlined\u00a0\u00bb border_width=\u00a0\u00bb0&Prime; display=\u00a0\u00bbinline\u00a0\u00bb scale_mobile=\u00a0\u00bbno\u00a0\u00bb uncode_shortcode_id=\u00a0\u00bb154382&Prime; el_class=\u00a0\u00bbbutton-color-black\u00a0\u00bb button_color_type=\u00a0\u00bbuncode-palette\u00a0\u00bb link=\u00a0\u00bburl:https%3A%2F%2Finstacrepi.be%2Ffr%2Fisolation-de-facade%2F|title:Isolation%20de%20fa%C3%A7ade|\u00a0\u00bb]Tout sur l&rsquo;isolation des fa\u00e7ades[\/vc_button][vc_button border_animation=\u00a0\u00bbbtn-ripple-out\u00a0\u00bb hover_fx=\u00a0\u00bboutlined\u00a0\u00bb outline=\u00a0\u00bbyes\u00a0\u00bb border_width=\u00a0\u00bb0&Prime; display=\u00a0\u00bbinline\u00a0\u00bb scale_mobile=\u00a0\u00bbno\u00a0\u00bb uncode_shortcode_id=\u00a0\u00bb187144&Prime; el_class=\u00a0\u00bbbutton-color-black\u00a0\u00bb link=\u00a0\u00bburl:https%3A%2F%2Finstacrepi.be%2Ffr%2Fprimes-disolation-des-facades%2F|title:Primes%20d%E2%80%99isolation%20des%20fa%C3%A7ades|\u00a0\u00bb]En savoir plus sur les primes[\/vc_button][\/vc_column][\/vc_row][vc_row unlock_row_content=\u00a0\u00bbyes\u00a0\u00bb row_height_percent=\u00a0\u00bb0&Prime; overlay_alpha=\u00a0\u00bb50&Prime; gutter_size=\u00a0\u00bb3&Prime; column_width_percent=\u00a0\u00bb100&Prime; shift_y=\u00a0\u00bb0&Prime; z_index=\u00a0\u00bb0&Prime; content_parallax=\u00a0\u00bb0&Prime; uncode_shortcode_id=\u00a0\u00bb608883&Prime;][vc_column width=\u00a0\u00bb1\/1&Prime;][uncode_block id=\u00a0\u00bb144931&Prime;][\/vc_column][\/vc_row][vc_row row_height_percent=\u00a0\u00bb0&Prime; override_padding=\u00a0\u00bbyes\u00a0\u00bb h_padding=\u00a0\u00bb2&Prime; top_padding=\u00a0\u00bb5&Prime; bottom_padding=\u00a0\u00bb5&Prime; back_color=\u00a0\u00bbcolor-lxmt\u00a0\u00bb overlay_alpha=\u00a0\u00bb50&Prime; gutter_size=\u00a0\u00bb3&Prime; column_width_percent=\u00a0\u00bb100&Prime; shift_y=\u00a0\u00bb0&Prime; z_index=\u00a0\u00bb0&Prime; content_parallax=\u00a0\u00bb0&Prime; uncode_shortcode_id=\u00a0\u00bb189668&Prime; back_color_type=\u00a0\u00bbuncode-palette\u00a0\u00bb][vc_column column_width_use_pixel=\u00a0\u00bbyes\u00a0\u00bb align_horizontal=\u00a0\u00bbalign_center\u00a0\u00bb gutter_size=\u00a0\u00bb3&Prime; overlay_alpha=\u00a0\u00bb50&Prime; shift_x=\u00a0\u00bb0&Prime; shift_y=\u00a0\u00bb0&Prime; shift_y_down=\u00a0\u00bb0&Prime; z_index=\u00a0\u00bb0&Prime; medium_width=\u00a0\u00bb0&Prime; mobile_width=\u00a0\u00bb0&Prime; width=\u00a0\u00bb1\/1&Prime; column_width_pixel=\u00a0\u00bb800&Prime; uncode_shortcode_id=\u00a0\u00bb459210&Prime;][vc_single_image media=\u00a0\u00bb130890&Prime; media_width_use_pixel=\u00a0\u00bbyes\u00a0\u00bb alignment=\u00a0\u00bbcenter\u00a0\u00bb uncode_shortcode_id=\u00a0\u00bb304395&Prime; media_width_pixel=\u00a0\u00bb32&Prime;][vc_custom_heading heading_semantic=\u00a0\u00bbh3&Prime; text_size=\u00a0\u00bbh3&Prime; text_weight=\u00a0\u00bb400&Prime; uncode_shortcode_id=\u00a0\u00bb585102&Prime;]Votre fa\u00e7ade est- <strong>elle pr\u00eate pour la transformation ?<\/strong>[\/vc_custom_heading][vc_column_text uncode_shortcode_id=\u00a0\u00bb201652&Prime;]D\u00e9couvrez comment le li\u00e8ge pulv\u00e9ris\u00e9 donne \u00e0 votre fa\u00e7ade une finition fra\u00eeche, \u00e9l\u00e9gante et protectrice. Du d\u00e9suet au moderne, profitez des avantages isolants et r\u00e9sistants aux intemp\u00e9ries du li\u00e8ge pulv\u00e9ris\u00e9 install\u00e9 par un professionnel ![\/vc_column_text][uncode_twentytwenty media_before=\u00a0\u00bb138663&Prime; media_after=\u00a0\u00bb138660&Prime;][vc_button border_animation=\u00a0\u00bbbtn-ripple-out\u00a0\u00bb hover_fx=\u00a0\u00bboutlined\u00a0\u00bb outline=\u00a0\u00bbyes\u00a0\u00bb border_width=\u00a0\u00bb0&Prime; scale_mobile=\u00a0\u00bbno\u00a0\u00bb uncode_shortcode_id=\u00a0\u00bb160016&Prime; el_class=\u00a0\u00bbbutton-color-black\u00a0\u00bb link=\u00a0\u00bburl:https%3A%2F%2Finstacrepi.be%2Ffr%2Fcontact%2F|title:Contact|\u00a0\u00bb]Demander une visite gratuite du site[\/vc_button][\/vc_column][\/vc_row][vc_row unlock_row_content=\u00a0\u00bbyes\u00a0\u00bb row_height_percent=\u00a0\u00bb0&Prime; override_padding=\u00a0\u00bbyes\u00a0\u00bb h_padding=\u00a0\u00bb0&Prime; top_padding=\u00a0\u00bb0&Prime; bottom_padding=\u00a0\u00bb0&Prime; back_color=\u00a0\u00bbcolor-xsdn\u00a0\u00bb overlay_alpha=\u00a0\u00bb50&Prime; gutter_size=\u00a0\u00bb3&Prime; column_width_percent=\u00a0\u00bb100&Prime; shift_y=\u00a0\u00bb0&Prime; z_index=\u00a0\u00bb0&Prime; content_parallax=\u00a0\u00bb0&Prime; uncode_shortcode_id=\u00a0\u00bb205170&Prime; back_color_type=\u00a0\u00bbuncode-palette\u00a0\u00bb][vc_column width=\u00a0\u00bb1\/1&Prime;][uncode_block id=\u00a0\u00bb147782&Prime;][\/vc_column][\/vc_row][vc_row unlock_row_content=\u00a0\u00bbyes\u00a0\u00bb row_height_percent=\u00a0\u00bb0&Prime; overlay_alpha=\u00a0\u00bb50&Prime; gutter_size=\u00a0\u00bb3&Prime; column_width_percent=\u00a0\u00bb100&Prime; shift_y=\u00a0\u00bb0&Prime; z_index=\u00a0\u00bb0&Prime; content_parallax=\u00a0\u00bb0&Prime; uncode_shortcode_id=\u00a0\u00bb920918&Prime;][vc_column width=\u00a0\u00bb1\/1&Prime;][uncode_block id=\u00a0\u00bb144413&Prime;][\/vc_column][\/vc_row]<\/p>\n<\/div>","protected":false},"excerpt":{"rendered":"<p>[vc_row row_height_percent=\u00a0\u00bb0&Prime; override_padding=\u00a0\u00bbyes\u00a0\u00bb h_padding=\u00a0\u00bb2&Prime; top_padding=\u00a0\u00bb3&Prime; bottom_padding=\u00a0\u00bb3&Prime; overlay_alpha=\u00a0\u00bb50&Prime; gutter_size=\u00a0\u00bb4&Prime; column_width_percent=\u00a0\u00bb100&Prime; shift_y=\u00a0\u00bb0&Prime; z_index=\u00a0\u00bb0&Prime; inverted_device_order=\u00a0\u00bbyes\u00a0\u00bb content_parallax=\u00a0\u00bb0&Prime; uncode_shortcode_id=\u00a0\u00bb163537&Prime;][vc_column column_width_percent=\u00a0\u00bb100&Prime; gutter_size=\u00a0\u00bb3&Prime; overlay_alpha=\u00a0\u00bb50&Prime; shift_x=\u00a0\u00bb0&Prime; shift_y=\u00a0\u00bb0&Prime; shift_y_down=\u00a0\u00bb0&Prime; [&hellip;]<\/p>\n","protected":false},"author":3,"featured_media":143858,"parent":144782,"menu_order":0,"comment_status":"closed","ping_status":"closed","template":"","meta":{"_acf_changed":false,"_seopress_robots_primary_cat":"","_seopress_titles_title":"Li\u00e8ge Projet\u00e9 pour Fa\u00e7ade : Naturel, Durable  Imperm\u00e9able","_seopress_titles_desc":"\u00c0 la recherche d'une finition de fa\u00e7ade durable ? Alors une fa\u00e7ade en li\u00e8ge projet\u00e9 constitue un choix judicieux. Le li\u00e8ge projet\u00e9 est du li\u00e8ge appliqu\u00e9 au pistolet.  ","_seopress_robots_index":"","footnotes":""},"class_list":["post-144779","page","type-page","status-publish","has-post-thumbnail"],"acf":[],"_links":{"self":[{"href":"https:\/\/instacrepi.be\/fr\/wp-json\/wp\/v2\/pages\/144779","targetHints":{"allow":["GET"]}}],"collection":[{"href":"https:\/\/instacrepi.be\/fr\/wp-json\/wp\/v2\/pages"}],"about":[{"href":"https:\/\/instacrepi.be\/fr\/wp-json\/wp\/v2\/types\/page"}],"author":[{"embeddable":true,"href":"https:\/\/instacrepi.be\/fr\/wp-json\/wp\/v2\/users\/3"}],"replies":[{"embeddable":true,"href":"https:\/\/instacrepi.be\/fr\/wp-json\/wp\/v2\/comments?post=144779"}],"version-history":[{"count":23,"href":"https:\/\/instacrepi.be\/fr\/wp-json\/wp\/v2\/pages\/144779\/revisions"}],"predecessor-version":[{"id":157755,"href":"https:\/\/instacrepi.be\/fr\/wp-json\/wp\/v2\/pages\/144779\/revisions\/157755"}],"up":[{"embeddable":true,"href":"https:\/\/instacrepi.be\/fr\/wp-json\/wp\/v2\/pages\/144782"}],"wp:featuredmedia":[{"embeddable":true,"href":"https:\/\/instacrepi.be\/fr\/wp-json\/wp\/v2\/media\/143858"}],"wp:attachment":[{"href":"https:\/\/instacrepi.be\/fr\/wp-json\/wp\/v2\/media?parent=144779"}],"curies":[{"name":"wp","href":"https:\/\/api.w.org\/{rel}","templated":true}]}}